{"id":37,"date":"2024-03-01T06:41:00","date_gmt":"2024-03-01T06:41:00","guid":{"rendered":"https:\/\/raratheme.com\/preview\/preschool-and-kindergarten\/?page_id=37"},"modified":"2025-09-04T00:51:42","modified_gmt":"2025-09-04T00:51:42","slug":"welcome-to-kinder-school","status":"publish","type":"page","link":"https:\/\/educalen.cl\/?page_id=37","title":{"rendered":"Bienvenidos a Escuela de Lenguaje Educalen"},"content":{"rendered":"<p>La Escuela de Lenguaje Educalen es una instituci\u00f3n educativa con 17 a\u00f1os de experiencia dedicada a la educaci\u00f3n preescolar, situada en la comuna de Pencahue, en la Regi\u00f3n del Maule. Fundada con el objetivo de brindar una educaci\u00f3n integral y de calidad a los ni\u00f1os en sus primeros a\u00f1os de formaci\u00f3n, la escuela se ha destacado por su compromiso con el desarrollo cognitivo, emocional y social de sus estudiantes.<\/p>\n<p>En Educalen, se prioriza un enfoque pedag\u00f3gico centrado en el aprendizaje significativo, fomentando la exploraci\u00f3n, la creatividad y el juego como herramientas fundamentales para el desarrollo de habilidades y conocimientos. Se promueve un ambiente de respeto, inclusi\u00f3n y colaboraci\u00f3n, donde cada ni\u00f1o es valorado como individuo \u00fanico y se le brinda el apoyo necesario para su crecimiento integral.<\/p>\n<p>La infraestructura de la escuela est\u00e1 dise\u00f1ada para proporcionar un entorno seguro, acogedor y estimulante para los ni\u00f1os, con aulas equipadas con materiales did\u00e1cticos adecuados a su edad y necesidades. Adem\u00e1s, se cuenta con un equipo de profesionales altamente capacitados, entre educadores, fonoaudiologos y asistentes, comprometidos con el bienestar y el desarrollo integral de los estudiantes.<\/p>\n<p>La comunidad educativa de Educalen se caracteriza por su cercan\u00eda y participaci\u00f3n activa de las familias en el proceso educativo, fomentando una relaci\u00f3n de colaboraci\u00f3n y corresponsabilidad entre la escuela, los padres y los ni\u00f1os.<\/p>\n<p>Con una trayectoria de 17 a\u00f1os en el \u00e1mbito educativo preescolar, la Escuela de Lenguaje Educalen se consolida como un referente de excelencia pedag\u00f3gica en la comuna de Pencahue y en la Regi\u00f3n del Maule, comprometida con el futuro y el desarrollo integral de los ni\u00f1os que pasan por sus aulas.<\/p>\n","protected":false},"excerpt":{"rendered":"<p>La Escuela de Lenguaje Educalen es una instituci\u00f3n educativa con 17 a\u00f1os de experiencia dedicada a la educaci\u00f3n preescolar, situada en la comuna de Pencahue, en la Regi\u00f3n del Maule. Fundada con el objetivo de brindar una educaci\u00f3n integral y de calidad a los ni\u00f1os en sus primeros a\u00f1os de formaci\u00f3n, la escuela se ha destacado por su compromiso con el desarrollo cognitivo, emocional y social de sus estudiantes.<\/p>\n","protected":false},"author":1,"featured_media":294,"parent":0,"menu_order":0,"comment_status":"closed","ping_status":"closed","template":"","meta":{"footnotes":""},"class_list":["post-37","page","type-page","status-publish","has-post-thumbnail","hentry"],"yoast_head":"<!-- This site is optimized with the Yoast SEO plugin v27.6 - https:\/\/yoast.com\/product\/yoast-seo-wordpress\/ -->\n<title>Bienvenidos a Escuela de Lenguaje Educalen -<\/title>\n<meta name=\"robots\" content=\"index, follow, max-snippet:-1, max-image-preview:large, max-video-preview:-1\" \/>\n<link rel=\"canonical\" href=\"https:\/\/educalen.cl\/?page_id=37\" \/>\n<meta property=\"og:locale\" content=\"es_ES\" \/>\n<meta property=\"og:type\" content=\"article\" \/>\n<meta property=\"og:title\" content=\"Bienvenidos a Escuela de Lenguaje Educalen -\" \/>\n<meta property=\"og:description\" content=\"La Escuela de Lenguaje Educalen es una instituci\u00f3n educativa con 17 a\u00f1os de experiencia dedicada a la educaci\u00f3n preescolar, situada en la comuna de Pencahue, en la Regi\u00f3n del Maule. Fundada con el objetivo de brindar una educaci\u00f3n integral y de calidad a los ni\u00f1os en sus primeros a\u00f1os de formaci\u00f3n, la escuela se ha destacado por su compromiso con el desarrollo cognitivo, emocional y social de sus estudiantes.\" \/>\n<meta property=\"og:url\" content=\"https:\/\/educalen.cl\/?page_id=37\" \/>\n<meta property=\"article:modified_time\" content=\"2025-09-04T00:51:42+00:00\" \/>\n<meta property=\"og:image\" content=\"https:\/\/educalen.cl\/wp-content\/uploads\/2025\/09\/IMG_8637.jpg\" \/>\n\t<meta property=\"og:image:width\" content=\"960\" \/>\n\t<meta property=\"og:image:height\" content=\"1280\" \/>\n\t<meta property=\"og:image:type\" content=\"image\/jpeg\" \/>\n<meta name=\"twitter:card\" content=\"summary_large_image\" \/>\n<meta name=\"twitter:label1\" content=\"Tiempo de lectura\" \/>\n\t<meta name=\"twitter:data1\" content=\"2 minutos\" \/>\n<script type=\"application\/ld+json\" class=\"yoast-schema-graph\">{\"@context\":\"https:\\\/\\\/schema.org\",\"@graph\":[{\"@type\":\"WebPage\",\"@id\":\"https:\\\/\\\/educalen.cl\\\/?page_id=37\",\"url\":\"https:\\\/\\\/educalen.cl\\\/?page_id=37\",\"name\":\"Bienvenidos a Escuela de Lenguaje Educalen -\",\"isPartOf\":{\"@id\":\"https:\\\/\\\/educalen.cl\\\/#website\"},\"primaryImageOfPage\":{\"@id\":\"https:\\\/\\\/educalen.cl\\\/?page_id=37#primaryimage\"},\"image\":{\"@id\":\"https:\\\/\\\/educalen.cl\\\/?page_id=37#primaryimage\"},\"thumbnailUrl\":\"https:\\\/\\\/educalen.cl\\\/wp-content\\\/uploads\\\/2025\\\/09\\\/IMG_8637.jpg\",\"datePublished\":\"2024-03-01T06:41:00+00:00\",\"dateModified\":\"2025-09-04T00:51:42+00:00\",\"breadcrumb\":{\"@id\":\"https:\\\/\\\/educalen.cl\\\/?page_id=37#breadcrumb\"},\"inLanguage\":\"es\",\"potentialAction\":[{\"@type\":\"ReadAction\",\"target\":[\"https:\\\/\\\/educalen.cl\\\/?page_id=37\"]}]},{\"@type\":\"ImageObject\",\"inLanguage\":\"es\",\"@id\":\"https:\\\/\\\/educalen.cl\\\/?page_id=37#primaryimage\",\"url\":\"https:\\\/\\\/educalen.cl\\\/wp-content\\\/uploads\\\/2025\\\/09\\\/IMG_8637.jpg\",\"contentUrl\":\"https:\\\/\\\/educalen.cl\\\/wp-content\\\/uploads\\\/2025\\\/09\\\/IMG_8637.jpg\",\"width\":960,\"height\":1280},{\"@type\":\"BreadcrumbList\",\"@id\":\"https:\\\/\\\/educalen.cl\\\/?page_id=37#breadcrumb\",\"itemListElement\":[{\"@type\":\"ListItem\",\"position\":1,\"name\":\"Portada\",\"item\":\"https:\\\/\\\/educalen.cl\\\/\"},{\"@type\":\"ListItem\",\"position\":2,\"name\":\"Bienvenidos a Escuela de Lenguaje Educalen\"}]},{\"@type\":\"WebSite\",\"@id\":\"https:\\\/\\\/educalen.cl\\\/#website\",\"url\":\"https:\\\/\\\/educalen.cl\\\/\",\"name\":\"\",\"description\":\"\",\"potentialAction\":[{\"@type\":\"SearchAction\",\"target\":{\"@type\":\"EntryPoint\",\"urlTemplate\":\"https:\\\/\\\/educalen.cl\\\/?s={search_term_string}\"},\"query-input\":{\"@type\":\"PropertyValueSpecification\",\"valueRequired\":true,\"valueName\":\"search_term_string\"}}],\"inLanguage\":\"es\"}]}<\/script>\n<!-- \/ Yoast SEO plugin. -->","yoast_head_json":{"title":"Bienvenidos a Escuela de Lenguaje Educalen -","robots":{"index":"index","follow":"follow","max-snippet":"max-snippet:-1","max-image-preview":"max-image-preview:large","max-video-preview":"max-video-preview:-1"},"canonical":"https:\/\/educalen.cl\/?page_id=37","og_locale":"es_ES","og_type":"article","og_title":"Bienvenidos a Escuela de Lenguaje Educalen -","og_description":"La Escuela de Lenguaje Educalen es una instituci\u00f3n educativa con 17 a\u00f1os de experiencia dedicada a la educaci\u00f3n preescolar, situada en la comuna de Pencahue, en la Regi\u00f3n del Maule. Fundada con el objetivo de brindar una educaci\u00f3n integral y de calidad a los ni\u00f1os en sus primeros a\u00f1os de formaci\u00f3n, la escuela se ha destacado por su compromiso con el desarrollo cognitivo, emocional y social de sus estudiantes.","og_url":"https:\/\/educalen.cl\/?page_id=37","article_modified_time":"2025-09-04T00:51:42+00:00","og_image":[{"width":960,"height":1280,"url":"https:\/\/educalen.cl\/wp-content\/uploads\/2025\/09\/IMG_8637.jpg","type":"image\/jpeg"}],"twitter_card":"summary_large_image","twitter_misc":{"Tiempo de lectura":"2 minutos"},"schema":{"@context":"https:\/\/schema.org","@graph":[{"@type":"WebPage","@id":"https:\/\/educalen.cl\/?page_id=37","url":"https:\/\/educalen.cl\/?page_id=37","name":"Bienvenidos a Escuela de Lenguaje Educalen -","isPartOf":{"@id":"https:\/\/educalen.cl\/#website"},"primaryImageOfPage":{"@id":"https:\/\/educalen.cl\/?page_id=37#primaryimage"},"image":{"@id":"https:\/\/educalen.cl\/?page_id=37#primaryimage"},"thumbnailUrl":"https:\/\/educalen.cl\/wp-content\/uploads\/2025\/09\/IMG_8637.jpg","datePublished":"2024-03-01T06:41:00+00:00","dateModified":"2025-09-04T00:51:42+00:00","breadcrumb":{"@id":"https:\/\/educalen.cl\/?page_id=37#breadcrumb"},"inLanguage":"es","potentialAction":[{"@type":"ReadAction","target":["https:\/\/educalen.cl\/?page_id=37"]}]},{"@type":"ImageObject","inLanguage":"es","@id":"https:\/\/educalen.cl\/?page_id=37#primaryimage","url":"https:\/\/educalen.cl\/wp-content\/uploads\/2025\/09\/IMG_8637.jpg","contentUrl":"https:\/\/educalen.cl\/wp-content\/uploads\/2025\/09\/IMG_8637.jpg","width":960,"height":1280},{"@type":"BreadcrumbList","@id":"https:\/\/educalen.cl\/?page_id=37#breadcrumb","itemListElement":[{"@type":"ListItem","position":1,"name":"Portada","item":"https:\/\/educalen.cl\/"},{"@type":"ListItem","position":2,"name":"Bienvenidos a Escuela de Lenguaje Educalen"}]},{"@type":"WebSite","@id":"https:\/\/educalen.cl\/#website","url":"https:\/\/educalen.cl\/","name":"","description":"","potentialAction":[{"@type":"SearchAction","target":{"@type":"EntryPoint","urlTemplate":"https:\/\/educalen.cl\/?s={search_term_string}"},"query-input":{"@type":"PropertyValueSpecification","valueRequired":true,"valueName":"search_term_string"}}],"inLanguage":"es"}]}},"_links":{"self":[{"href":"https:\/\/educalen.cl\/index.php?rest_route=\/wp\/v2\/pages\/37","targetHints":{"allow":["GET"]}}],"collection":[{"href":"https:\/\/educalen.cl\/index.php?rest_route=\/wp\/v2\/pages"}],"about":[{"href":"https:\/\/educalen.cl\/index.php?rest_route=\/wp\/v2\/types\/page"}],"author":[{"embeddable":true,"href":"https:\/\/educalen.cl\/index.php?rest_route=\/wp\/v2\/users\/1"}],"replies":[{"embeddable":true,"href":"https:\/\/educalen.cl\/index.php?rest_route=%2Fwp%2Fv2%2Fcomments&post=37"}],"version-history":[{"count":2,"href":"https:\/\/educalen.cl\/index.php?rest_route=\/wp\/v2\/pages\/37\/revisions"}],"predecessor-version":[{"id":235,"href":"https:\/\/educalen.cl\/index.php?rest_route=\/wp\/v2\/pages\/37\/revisions\/235"}],"wp:featuredmedia":[{"embeddable":true,"href":"https:\/\/educalen.cl\/index.php?rest_route=\/wp\/v2\/media\/294"}],"wp:attachment":[{"href":"https:\/\/educalen.cl\/index.php?rest_route=%2Fwp%2Fv2%2Fmedia&parent=37"}],"curies":[{"name":"wp","href":"https:\/\/api.w.org\/{rel}","templated":true}]}}